{"id":1440,"date":"2022-08-24T18:05:38","date_gmt":"2022-08-24T18:05:38","guid":{"rendered":"https:\/\/eximics.com\/?page_id=1440"},"modified":"2023-05-12T18:25:14","modified_gmt":"2023-05-12T18:25:14","slug":"avis-de-confidentialite","status":"publish","type":"page","link":"https:\/\/eximics.com\/fr\/avis-de-confidentialite\/","title":{"rendered":"Avis de Confidentialit\u00e9"},"content":{"rendered":"\t\t<div data-elementor-type=\"wp-page\" data-elementor-id=\"1440\" class=\"elementor elementor-1440 elementor-3\" data-elementor-post-type=\"page\">\n\t\t\t\t\t\t<section class=\"elementor-section elementor-top-section elementor-element elementor-element-86cb444 elementor-section-boxed elementor-section-height-default elementor-section-height-default\" data-id=\"86cb444\" data-element_type=\"section\" data-e-type=\"section\">\n\t\t\t\t\t\t<div class=\"elementor-container elementor-column-gap-default\">\n\t\t\t\t\t<div class=\"elementor-column elementor-col-100 elementor-top-column elementor-element elementor-element-d525595\" data-id=\"d525595\" data-element_type=\"column\" data-e-type=\"column\">\n\t\t\t<div class=\"elementor-widget-wrap elementor-element-populated\">\n\t\t\t\t\t\t<div class=\"elementor-element elementor-element-f0556bd elementor-widget elementor-widget-heading\" data-id=\"f0556bd\" data-element_type=\"widget\" data-e-type=\"widget\" data-widget_type=\"heading.default\">\n\t\t\t\t<div class=\"elementor-widget-container\">\n\t\t\t\t\t<h1 class=\"elementor-heading-title elementor-size-default\">AVIS DE CONFIDENTIALIT\u00c9<\/h1>\t\t\t\t<\/div>\n\t\t\t\t<\/div>\n\t\t\t\t<div class=\"elementor-element elementor-element-517964e elementor-widget elementor-widget-text-editor\" data-id=\"517964e\" data-element_type=\"widget\" data-e-type=\"widget\" data-widget_type=\"text-editor.default\">\n\t\t\t\t<div class=\"elementor-widget-container\">\n\t\t\t\t\t\t\t\t\t<p>Conform\u00e9ment aux dispositions de la loi f\u00e9d\u00e9rale sur la protection des donn\u00e9es personnelles d\u00e9tenues par les personnes, EXIMICS M\u00c9XICO met \u00e0 votre disposition l&rsquo;avis de confidentialit\u00e9 suivant.<br \/>\nEXIMICS M\u00c9XICO, est responsable de l&rsquo;utilisation et de la protection de vos donn\u00e9es personnelles, dans ce sens et conform\u00e9ment aux obligations l\u00e9gales \u00e9tablies dans la loi f\u00e9d\u00e9rale sur la protection des donn\u00e9es personnelles d\u00e9tenues par les individus, \u00e0 travers cet instrument, les utilisateurs sont inform\u00e9s, l&rsquo;utilisation de les donn\u00e9es, des informations re\u00e7ues de leur part et les finalit\u00e9s qui seront donn\u00e9es \u00e0 ces informations.<br \/>\nEn plus de l&rsquo;int\u00e9rieur, nous vous informons qu&rsquo;EXIMICS M\u00c9XICO, a son adresse situ\u00e9e au 7\u00e8me \u00e9tage de Calzada Mariano Escobedo num\u00e9ro 550, Col. Anzures, Miguel Hidalgo Mayor&rsquo;s Office, Mexico City, C.P. 11590.<br \/>\nNous vous informons \u00e9galement du responsable du traitement (utilisation) de vos Donn\u00e9es Personnelles :<\/p>\n<p>Notre service de protection des donn\u00e9es est en charge de :<\/p>\n<p>Chef ou domaine\u00a0: Administration.<\/p>\n<p>Adresse : Avenida Mariano Escobedo num\u00e9ro 550 \u2013 7e \u00e9tage \u2013 Anzures, maire Miguel Hidalgo, C.P. 11590 Mexico.<\/p>\n<p>Courriel\u00a0: enrique_cruz@eximics.com<br \/>\nT\u00e9l\u00e9phone : +52 (55) 38865732<\/p>\n<p>Les donn\u00e9es personnelles que nous recevons de votre part seront utilis\u00e9es aux fins suivantes, qui sont n\u00e9cessaires pour fournir les services demand\u00e9s et\/ou contract\u00e9s, r\u00e9pondre \u00e0 vos exigences d&rsquo;information, d&rsquo;attention et de service, d\u00e9fendre les proc\u00e9dures judiciaires, se conformer \u00e0 l&rsquo;ex\u00e9cution de la facture 4.0 avec les crit\u00e8res \u00e9tablis par le Service de l&rsquo;administration fiscale, fichier des enregistrements et fichier de la relation contractuelle pour le suivi des services futurs, la gestion financi\u00e8re, la facturation et le recouvrement, respecter les obligations et engagements que nous avons contract\u00e9s avec vous.<br \/>\nPour r\u00e9aliser les finalit\u00e9s d\u00e9crites dans cet avis de confidentialit\u00e9, nous utiliserons les donn\u00e9es personnelles suivantes :<br \/>\n1. NOM COMPLET OU RAISON SOCIALE.<br \/>\n2. ADRESSE ACTUALIS\u00c9E.<br \/>\n3. COORDONN\u00c9ES BANCAIRES POUR EFFECTUER LES TRANSACTIONS.<br \/>\n4. REGISTRE F\u00c9D\u00c9RAL DES CONTRIBUABLES. (PREUVE DE LA SITUATION FISCALE).<br \/>\n5. ENREGISTREMENT VID\u00c9O PAR CAM\u00c9RAS DE S\u00c9CURIT\u00c9 LORSQUE VOUS VISITEZ NOS BUREAUX.<\/p>\n<p>D&rsquo;autre part, nous vous informons que vos donn\u00e9es personnelles ne seront partag\u00e9es avec aucune autorit\u00e9, entreprise, organisation ou personne autre que nous et seront utilis\u00e9es exclusivement aux fins indiqu\u00e9es.<\/p>\n\t\t\t\t\t\t\t\t<\/div>\n\t\t\t\t<\/div>\n\t\t\t\t<div class=\"elementor-element elementor-element-e6da7ab elementor-widget elementor-widget-heading\" data-id=\"e6da7ab\" data-element_type=\"widget\" data-e-type=\"widget\" data-widget_type=\"heading.default\">\n\t\t\t\t<div class=\"elementor-widget-container\">\n\t\t\t\t\t<h3 class=\"elementor-heading-title elementor-size-default\">Droits ARCO.<\/h3>\t\t\t\t<\/div>\n\t\t\t\t<\/div>\n\t\t\t\t<div class=\"elementor-element elementor-element-2e9bad1 elementor-widget elementor-widget-text-editor\" data-id=\"2e9bad1\" data-element_type=\"widget\" data-e-type=\"widget\" data-widget_type=\"text-editor.default\">\n\t\t\t\t<div class=\"elementor-widget-container\">\n\t\t\t\t\t\t\t\t\t<p>Vous avez \u00e0 tout moment le droit de savoir quelles donn\u00e9es personnelles nous poss\u00e9dons \u00e0 votre sujet, pour quoi nous les utilisons et les conditions d&rsquo;utilisation que nous vous donnons (ACC\u00c8S). De m\u00eame, vous avez le droit de demander la correction de vos informations personnelles au cas o\u00f9 elles seraient obsol\u00e8tes, inexactes ou incompl\u00e8tes (RECTIFICATION) de la m\u00eame mani\u00e8re, vous avez le droit de faire supprimer vos informations de nos enregistrements de base de donn\u00e9es lorsque vous consid\u00e9rez qu&rsquo;elles sont n&rsquo;est pas utilis\u00e9 correctement (ANNULATION). Ainsi que vous opposer \u00e0 l&rsquo;utilisation de vos donn\u00e9es personnelles \u00e0 des fins sp\u00e9cifiques (OPPOSITION). Ces droits sont appel\u00e9s droits ARCO.<br \/>\nIl convient de mentionner qu&rsquo;\u00e0 tout moment, vous pouvez r\u00e9voquer votre consentement \u00e0 l&rsquo;utilisation de vos donn\u00e9es personnelles. De la m\u00eame mani\u00e8re, vous pouvez r\u00e9voquer le consentement que, le cas \u00e9ch\u00e9ant, vous nous avez donn\u00e9 pour le traitement de vos donn\u00e9es personnelles.<br \/>\nLes m\u00e9canismes mis en \u0153uvre pour l&rsquo;exercice de vos Droits ARCO, ainsi que les d\u00e9lais, informations et documents que votre demande doit contenir sont pr\u00e9cis\u00e9s dans la rubrique Droits du Titulaire situ\u00e9e dans ce m\u00eame document.<\/p>\n<p>Nous nous engageons \u00e0 vous tenir inform\u00e9 de tout changement que cet AVIS DE CONFIDENTIALIT\u00c9 pourrait subir, cependant, vous pouvez demander des informations pour savoir s&rsquo;il a subi des changements via les adresses e-mail suivantes\u00a0:<br \/>\nenrique_cruz@eximics.com<br \/>\nmariana_fontes@eximics.com<\/p>\n<p>Aux fins indiqu\u00e9es ci-dessus, nous pouvons collecter vos donn\u00e9es personnelles de diff\u00e9rentes mani\u00e8res :<\/p>\n<p>&#8211; Lorsque vous visitez notre site Web ou utilisez nos services en ligne.<br \/>\n-\u200b Lorsque vous visiterez nos installations, vous serez film\u00e9 par les cam\u00e9ras de s\u00e9curit\u00e9 install\u00e9es \u00e0 l&rsquo;int\u00e9rieur du b\u00e2timent Avenida Mariano Escobedo num\u00e9ro 550 \u2013 \u00c9tage 7 \u2013 Anzures, Maire Miguel Hidalgo, C.P. 11590 Mexico, dont les images et les sons captur\u00e9s par les cam\u00e9ras de vid\u00e9osurveillance seront utilis\u00e9s pour votre s\u00e9curit\u00e9 et celle des personnes qui nous visitent, qui travaillent dans l&rsquo;entreprise ou l&rsquo;entreprise elle-m\u00eame.<br \/>\n&#8211; Lorsque nous obtenons des informations par le biais d&rsquo;autres sources d&rsquo;acc\u00e8s public autoris\u00e9es par la loi (annuaires t\u00e9l\u00e9phoniques ou professionnels, sites Web, etc.).<br \/>\n&#8211; Les donn\u00e9es personnelles que nous collectons. Coordonn\u00e9es (nom, e-mail, adresse, t\u00e9l\u00e9phone, cellulaire, fax)<br \/>\n&#8211; Documents d&rsquo;identit\u00e9 (carte d&rsquo;\u00e9lecteur, passeport, permis de conduire, carte ou carte d&rsquo;identit\u00e9 professionnelle)<br \/>\n&#8211; Informations financi\u00e8res et moyens de paiement (carte de cr\u00e9dit, carte de d\u00e9bit, ch\u00e8ques)<br \/>\n&#8211; Informations fiscales (RFC, adresse de facturation)<br \/>\n&#8211; Situation des capitaux propres (revenus, biens immobiliers, placements ou autres types de comptes bancaires)<br \/>\n&#8211; R\u00e9f\u00e9rences personnelles (Informations de personnes non apparent\u00e9es)<br \/>\n&#8211; Informations sociales (Entreprise, Poste, activitDroits du Titulaire\u00e9 exerc\u00e9e, CV)<\/p>\n\t\t\t\t\t\t\t\t<\/div>\n\t\t\t\t<\/div>\n\t\t\t\t<div class=\"elementor-element elementor-element-26ad63c elementor-widget elementor-widget-heading\" data-id=\"26ad63c\" data-element_type=\"widget\" data-e-type=\"widget\" data-widget_type=\"heading.default\">\n\t\t\t\t<div class=\"elementor-widget-container\">\n\t\t\t\t\t<h3 class=\"elementor-heading-title elementor-size-default\">Droits du Titulaire<\/h3>\t\t\t\t<\/div>\n\t\t\t\t<\/div>\n\t\t\t\t<div class=\"elementor-element elementor-element-5ba84a7 elementor-widget elementor-widget-text-editor\" data-id=\"5ba84a7\" data-element_type=\"widget\" data-e-type=\"widget\" data-widget_type=\"text-editor.default\">\n\t\t\t\t<div class=\"elementor-widget-container\">\n\t\t\t\t\t\t\t\t\t<p>EXIMICS MEXIQUE S.A. DE CV a mis en place le Format Universel suivant pour l&rsquo;Exercice des droits du Propri\u00e9taire concernant ses Donn\u00e9es Personnelles. Sous r\u00e9serve de certaines exceptions et, dans certains cas, en fonction de l&rsquo;activit\u00e9 de traitement que nous effectuons, vous disposez de certains droits concernant vos informations personnelles\u00a0:<\/p>\n<p>Droit d&rsquo;acc\u00e8s, de rectification et de suppression de vos informations personnelles : veillez \u00e0 nous informer de toute modification de vos informations personnelles. Vous avez le droit de demander l&rsquo;acc\u00e8s aux informations personnelles que nous d\u00e9tenons \u00e0 votre sujet et aux informations suivantes : la source de vos informations personnelles ; les finalit\u00e9s, la base juridique et les modalit\u00e9s du traitement ; l&rsquo;identit\u00e9 du responsable du traitement\u00a0; et les entit\u00e9s ou cat\u00e9gories d&rsquo;entit\u00e9s auxquelles vos informations peuvent \u00eatre transf\u00e9r\u00e9es. Vous avez \u00e9galement le droit de demander que nous supprimions vos informations. Nous ne sommes pas tenus de r\u00e9pondre \u00e0 votre demande de suppression des informations personnelles si le traitement des informations personnelles est n\u00e9cessaire au respect d&rsquo;obligations l\u00e9gales ou \u00e0 l&rsquo;\u00e9tablissement, l&rsquo;exercice ou le respect de droits l\u00e9gaux.<\/p>\n<p>Droit de restreindre le traitement de vos informations personnelles : Vous avez le droit de restreindre l&rsquo;utilisation de vos informations personnelles lorsque : 1) vous contestez l&rsquo;exactitude des donn\u00e9es ; 2) \u00e9tait conscient que son utilisation est ill\u00e9gale\u00a0; 3) vous vous \u00eates oppos\u00e9 \u00e0 notre utilisation des informations personnelles sur la base de la v\u00e9rification de nos int\u00e9r\u00eats l\u00e9gitimes quant \u00e0 savoir si nous avons un int\u00e9r\u00eat imp\u00e9rieux \u00e0 continuer \u00e0 utiliser vos donn\u00e9es.<\/p>\n<p>Droit \u00e0 la portabilit\u00e9 des donn\u00e9es\u00a0: dans la mesure o\u00f9 nous traitons vos informations sur la base de votre consentement ou dans le cadre d&rsquo;un contrat et par des moyens automatis\u00e9s, vous avez le droit de recevoir ces informations personnelles dans un format structur\u00e9, couramment utilis\u00e9 et lisible \u00e9lectroniquement, ou vous pouvez demander qu&rsquo;elles soient transf\u00e9r\u00e9es directement \u00e0 un autre responsable du traitement.<\/p>\n<p>1. Envoyez la demande \u00e0 l&#8217;email : enrique_cruz@eximics.com<br \/>\n2. Confirmez la r\u00e9ception de votre candidature en appelant le : +52 (55) 38865732<\/p>\n<p>Nous vous informons que EXIMICS M\u00c9XICO S.A. DE C.V ne transf\u00e8re pas de donn\u00e9es personnelles.<\/p>\n<p>Nous nous r\u00e9servons le droit d&rsquo;apporter des modifications \u00e0 cet avis de confidentialit\u00e9 \u00e0 tout moment, pour r\u00e9pondre \u00e0 de nouvelles lois, politiques internes ou nouvelles exigences pour r\u00e9pondre aux fins pr\u00e9vues. Ces modifications seront mises \u00e0 la disposition des Titulaires \u00e0 l&rsquo;adresse internet : www.eximics.com<\/p>\n<p>Si apr\u00e8s avoir exerc\u00e9 vos Droits Informatique et Libert\u00e9s aupr\u00e8s de EXIMICSM\u00c9XICO S.A. DE C.V, \u00e0 travers les m\u00e9canismes \u00e9tablis dans le pr\u00e9sent avis de confidentialit\u00e9, consid\u00e8re que votre droit \u00e0 la protection des donn\u00e9es personnelles a \u00e9t\u00e9 l\u00e9s\u00e9 par toute conduite ou omission de notre part\u00a0; ou vous avez la preuve que dans le traitement de vos donn\u00e9es personnelles il y a une violation des dispositions \u00e9nonc\u00e9es dans la LFPDPPP, nous vous invitons \u00e0 nous recontacter pour \u00e9puiser toutes les proc\u00e9dures internes afin de satisfaire pleinement votre demande. Si ce n&rsquo;est pas le cas, vous pouvez d\u00e9poser la r\u00e9clamation correspondante aupr\u00e8s de l&rsquo;INAI. Pour plus d&rsquo;informations, visitez:<br \/>\nwww.inai.org.mx<\/p>\n\t\t\t\t\t\t\t\t<\/div>\n\t\t\t\t<\/div>\n\t\t\t\t<div class=\"elementor-element elementor-element-d1085ec elementor-widget elementor-widget-heading\" data-id=\"d1085ec\" data-element_type=\"widget\" data-e-type=\"widget\" data-widget_type=\"heading.default\">\n\t\t\t\t<div class=\"elementor-widget-container\">\n\t\t\t\t\t<h3 class=\"elementor-heading-title elementor-size-default\">Uso de cookies, web beacons y JavaScript<\/h3>\t\t\t\t<\/div>\n\t\t\t\t<\/div>\n\t\t\t\t<div class=\"elementor-element elementor-element-ace6cd6 elementor-widget elementor-widget-text-editor\" data-id=\"ace6cd6\" data-element_type=\"widget\" data-e-type=\"widget\" data-widget_type=\"text-editor.default\">\n\t\t\t\t<div class=\"elementor-widget-container\">\n\t\t\t\t\t\t\t\t\t<p>Un cookie est une information qu&rsquo;un site Web stocke sur votre ordinateur via l&rsquo;utilisation d&rsquo;un navigateur ou d&rsquo;un explorateur Internet. Un cookie permet aux sites Web d&rsquo;enregistrer vos activit\u00e9s de navigation sur Internet, telles que les pages et le contenu que vous avez consult\u00e9s, la date de votre visite, ce que vous avez recherch\u00e9 et si vous avez cliqu\u00e9 sur des ressources. Les donn\u00e9es collect\u00e9es par les cookies peuvent \u00eatre combin\u00e9es pour cr\u00e9er un profil de vos activit\u00e9s sur Internet.<\/p>\n<p>Les balises Web en conjonction avec les m\u00e9triques Web JavaScripts nous permettent de stocker des informations sur les mod\u00e8les d&rsquo;utilisation de notre site Web. Nous vous informons que nous utilisons ces outils pour obtenir des informations statistiques telles que :<\/p>\n<p>Type de navigateur et de syst\u00e8me d&rsquo;exploitation, les pages Internet consult\u00e9es, l&rsquo;origine de la visite, l&rsquo;adresse IP d&rsquo;acc\u00e8s, le temps pass\u00e9 sur notre site, entre autres donn\u00e9es statistiques.<\/p>\n<p>Les cookies, JavaScript et d&rsquo;autres technologies de suivi et de tra\u00e7age peuvent \u00eatre d\u00e9sactiv\u00e9s, mais leur d\u00e9sactivation peut emp\u00eacher le site Web ou certaines de ses fonctionnalit\u00e9s de fonctionner correctement. Pour revoir les param\u00e8tres et, si n\u00e9cessaire, les d\u00e9sactiver, utilisez l&rsquo;onglet &lsquo;Aide&rsquo; ou recherchez dans &lsquo;Outils&rsquo; les param\u00e8tres &lsquo;Options&rsquo; ou &lsquo;Confidentialit\u00e9&rsquo; de votre navigateur. De l\u00e0, vous pouvez supprimer les cookies, ou contr\u00f4ler dans quel cas vous autorisez leur installation. Certains navigateurs permettent d&rsquo;installer des outils logiciels compl\u00e9mentaires (outils logiciels compl\u00e9mentaires) pour bloquer, \u00e9liminer ou contr\u00f4ler les cookies. Et g\u00e9n\u00e9ralement, les programmes de s\u00e9curit\u00e9 incluent des options pour faciliter le contr\u00f4le des cookies.<\/p>\n\t\t\t\t\t\t\t\t<\/div>\n\t\t\t\t<\/div>\n\t\t\t\t\t<\/div>\n\t\t<\/div>\n\t\t\t\t\t<\/div>\n\t\t<\/section>\n\t\t\t\t<\/div>\n\t\t","protected":false},"excerpt":{"rendered":"<p>AVIS DE CONFIDENTIALIT\u00c9 Conform\u00e9ment aux dispositions de la loi f\u00e9d\u00e9rale sur la protection des donn\u00e9es personnelles d\u00e9tenues par les personnes, EXIMICS M\u00c9XICO met \u00e0 votre disposition l&rsquo;avis de confidentialit\u00e9 suivant. EXIMICS M\u00c9XICO, est responsable de l&rsquo;utilisation et de la protection de vos donn\u00e9es personnelles, dans ce sens et conform\u00e9ment aux obligations l\u00e9gales \u00e9tablies dans la [&hellip;]<\/p>\n","protected":false},"author":3,"featured_media":0,"parent":0,"menu_order":0,"comment_status":"closed","ping_status":"closed","template":"elementor_header_footer","meta":{"site-sidebar-layout":"no-sidebar","site-content-layout":"page-builder","ast-site-content-layout":"","site-content-style":"default","site-sidebar-style":"default","ast-global-header-display":"","ast-banner-title-visibility":"","ast-main-header-display":"","ast-hfb-above-header-display":"","ast-hfb-below-header-display":"","ast-hfb-mobile-header-display":"","site-post-title":"disabled","ast-breadcrumbs-content":"","ast-featured-img":"disabled","footer-sml-layout":"","theme-transparent-header-meta":"","adv-header-id-meta":"","stick-header-meta":"","header-above-stick-meta":"","header-main-stick-meta":"","header-below-stick-meta":"","astra-migrate-meta-layouts":"default","ast-page-background-enabled":"default","ast-page-background-meta":{"desktop":{"background-color":"var(--ast-global-color-4)","background-image":"","background-repeat":"repeat","background-position":"center center","background-size":"auto","background-attachment":"scroll","background-type":"","background-media":"","overlay-type":"","overlay-color":"","overlay-opacity":"","overlay-gradient":""},"tablet":{"background-color":"","background-image":"","background-repeat":"repeat","background-position":"center center","background-size":"auto","background-attachment":"scroll","background-type":"","background-media":"","overlay-type":"","overlay-color":"","overlay-opacity":"","overlay-gradient":""},"mobile":{"background-color":"","background-image":"","background-repeat":"repeat","background-position":"center center","background-size":"auto","background-attachment":"scroll","background-type":"","background-media":"","overlay-type":"","overlay-color":"","overlay-opacity":"","overlay-gradient":""}},"ast-content-background-meta":{"desktop":{"background-color":"var(--ast-global-color-5)","background-image":"","background-repeat":"repeat","background-position":"center center","background-size":"auto","background-attachment":"scroll","background-type":"","background-media":"","overlay-type":"","overlay-color":"","overlay-opacity":"","overlay-gradient":""},"tablet":{"background-color":"var(--ast-global-color-5)","background-image":"","background-repeat":"repeat","background-position":"center center","background-size":"auto","background-attachment":"scroll","background-type":"","background-media":"","overlay-type":"","overlay-color":"","overlay-opacity":"","overlay-gradient":""},"mobile":{"background-color":"var(--ast-global-color-5)","background-image":"","background-repeat":"repeat","background-position":"center center","background-size":"auto","background-attachment":"scroll","background-type":"","background-media":"","overlay-type":"","overlay-color":"","overlay-opacity":"","overlay-gradient":""}},"footnotes":""},"class_list":["post-1440","page","type-page","status-publish","hentry"],"_links":{"self":[{"href":"https:\/\/eximics.com\/fr\/wp-json\/wp\/v2\/pages\/1440","targetHints":{"allow":["GET"]}}],"collection":[{"href":"https:\/\/eximics.com\/fr\/wp-json\/wp\/v2\/pages"}],"about":[{"href":"https:\/\/eximics.com\/fr\/wp-json\/wp\/v2\/types\/page"}],"author":[{"embeddable":true,"href":"https:\/\/eximics.com\/fr\/wp-json\/wp\/v2\/users\/3"}],"replies":[{"embeddable":true,"href":"https:\/\/eximics.com\/fr\/wp-json\/wp\/v2\/comments?post=1440"}],"version-history":[{"count":2,"href":"https:\/\/eximics.com\/fr\/wp-json\/wp\/v2\/pages\/1440\/revisions"}],"predecessor-version":[{"id":1457,"href":"https:\/\/eximics.com\/fr\/wp-json\/wp\/v2\/pages\/1440\/revisions\/1457"}],"wp:attachment":[{"href":"https:\/\/eximics.com\/fr\/wp-json\/wp\/v2\/media?parent=1440"}],"curies":[{"name":"wp","href":"https:\/\/api.w.org\/{rel}","templated":true}]}}