{"id":1145,"date":"2022-08-24T18:05:38","date_gmt":"2022-08-24T18:05:38","guid":{"rendered":"https:\/\/eximics.com\/?page_id=1145"},"modified":"2023-05-08T05:33:39","modified_gmt":"2023-05-08T05:33:39","slug":"avisos-de-privadesa","status":"publish","type":"page","link":"https:\/\/eximics.com\/ca\/avisos-de-privadesa\/","title":{"rendered":"Avisos de privadesa"},"content":{"rendered":"\t\t<div data-elementor-type=\"wp-page\" data-elementor-id=\"1145\" class=\"elementor elementor-1145 elementor-3\" data-elementor-post-type=\"page\">\n\t\t\t\t\t\t<section class=\"elementor-section elementor-top-section elementor-element elementor-element-86cb444 elementor-section-boxed elementor-section-height-default elementor-section-height-default\" data-id=\"86cb444\" data-element_type=\"section\" data-e-type=\"section\">\n\t\t\t\t\t\t<div class=\"elementor-container elementor-column-gap-default\">\n\t\t\t\t\t<div class=\"elementor-column elementor-col-100 elementor-top-column elementor-element elementor-element-d525595\" data-id=\"d525595\" data-element_type=\"column\" data-e-type=\"column\">\n\t\t\t<div class=\"elementor-widget-wrap elementor-element-populated\">\n\t\t\t\t\t\t<div class=\"elementor-element elementor-element-f0556bd elementor-widget elementor-widget-heading\" data-id=\"f0556bd\" data-element_type=\"widget\" data-e-type=\"widget\" data-widget_type=\"heading.default\">\n\t\t\t\t<div class=\"elementor-widget-container\">\n\t\t\t\t\t<h1 class=\"elementor-heading-title elementor-size-default\">AV\u00cdS DE PRIVACITAT<\/h1>\t\t\t\t<\/div>\n\t\t\t\t<\/div>\n\t\t\t\t<div class=\"elementor-element elementor-element-517964e elementor-widget elementor-widget-text-editor\" data-id=\"517964e\" data-element_type=\"widget\" data-e-type=\"widget\" data-widget_type=\"text-editor.default\">\n\t\t\t\t<div class=\"elementor-widget-container\">\n\t\t\t\t\t\t\t\t\t<p>De conformidad con lo establecido en la Ley Federal de Protecci\u00f3n de Datos personales en Posesi\u00f3n de los particulares, EXIMICS M\u00c9XICO pone a su disposici\u00f3n el siguiente aviso de privacidad.<br \/><strong>EXIMICS M\u00c9XICO<\/strong>, es responsable del uso y protecci\u00f3n de sus datos personales, en este sentido y atendiendo las obligaciones legales establecidas en la Ley Federal de Protecci\u00f3n de datos personales en Posesi\u00f3n de los particulares, a trav\u00e9s de este Instrumento se informa a los Usuarios, el uso de los datos, de la informaci\u00f3n que de ellos se reciba y los fines que se le dar\u00e1n a dicha informaci\u00f3n.<br \/>Adem\u00e1s de lo interior, informamos a usted que EXIMICS M\u00c9XICO, tiene su domicilio ubicado en el Piso 7 de Calzada Mariano Escobedo n\u00famero 550, Col. Anzures, Alcald\u00eda Miguel Hidalgo, Ciudad de M\u00e9xico, C.P. 11590.<br \/>Asimismo le hacemos saber sobre el responsable del tratamiento (uso) de sus Datos Personales:<\/p>\n<p>Nuestro Departamento de Protecci\u00f3n de Datos se encuentra a cargo de:<\/p>\n<p>Jefe o \u00c1rea: Administraci\u00f3n.<\/p>\n<p>Domicilio: Avenida Mariano Escobedo n\u00famero 550 \u2013 Piso 7 \u2013 Anzures, Alcald\u00eda Miguel Hidalgo, C.P. 11590 Ciudad de M\u00e9xico.<\/p>\n<p>Correo electr\u00f3nico: enrique_cruz@eximics.com<br \/>Tel\u00e9fono: +52 (55) 38865732<\/p>\n<p>Los datos personales que recebemos de usted ser\u00e1n utilizados para las siguientes finalidades, las cuales son necesarias para proveer los servicios solicitados y\/o contratados, responder a sus requerimientos de informaci\u00f3n, atenci\u00f3n y servicio, defensa de procedimientos legales, dar cumplimiento a la realizaci\u00f3n de la factura 4.0 con los criterios establecidos por el Servicio de Administraci\u00f3n Tributaria, archivo de registros y expediente de la relaci\u00f3n contractual para seguimiento de servicios futuros, Gesti\u00f3n financiera, facturaci\u00f3n y cobro, dar cumplimiento a las obligaciones y compromisos que hemos contra\u00eddo con usted.<br \/>Para llevar a cabo las finalidades descritas en el presente aviso de privacidad, utilizaremos los siguientes datos personales:<br \/>1. NOMBRE COMPLETO O RAZ\u00d3N SOCIAL.<br \/>2. DIRECCI\u00d3N ACTUALIZADA.<br \/>3. DATOS BANCARIOS PARA LA REALIZACI\u00d3N DE TRANSACCIONES.<br \/>4. REGISTRO FEDERAL DE CONTRIBUYENTE. (CONSTANCIA DE SITUACI\u00d3N FISCAL).<br \/>5. VIDEOGRABACI\u00d3N POR LAS C\u00c1MARAS DE SEGURIDAD, CUANDO VISITE NUESTRAS OFICINAS.<\/p>\n<p>Por otra parte, informamos a usted, que sus datos personales no ser\u00e1n compartidos con ninguna autoridad, empresa, organizaci\u00f3n o persona distintas a nosotros y ser\u00e1n utilizados exclusivamente para los fines se\u00f1alados.<\/p>\n\t\t\t\t\t\t\t\t<\/div>\n\t\t\t\t<\/div>\n\t\t\t\t<div class=\"elementor-element elementor-element-e6da7ab elementor-widget elementor-widget-heading\" data-id=\"e6da7ab\" data-element_type=\"widget\" data-e-type=\"widget\" data-widget_type=\"heading.default\">\n\t\t\t\t<div class=\"elementor-widget-container\">\n\t\t\t\t\t<h3 class=\"elementor-heading-title elementor-size-default\">Derechos ARCO.<\/h3>\t\t\t\t<\/div>\n\t\t\t\t<\/div>\n\t\t\t\t<div class=\"elementor-element elementor-element-2e9bad1 elementor-widget elementor-widget-text-editor\" data-id=\"2e9bad1\" data-element_type=\"widget\" data-e-type=\"widget\" data-widget_type=\"text-editor.default\">\n\t\t\t\t<div class=\"elementor-widget-container\">\n\t\t\t\t\t\t\t\t\t<p>Usted tiene en todo momento el derecho a conocer que datos personales tenemos de usted, para que los utilizamos y las condiciones del uso que le damos (ACCESO). Asimismo, es un derecho solicitar la correcci\u00f3n de su informaci\u00f3n personal en caso de que este desactualizada, sea inexacta o incompleta (RECTIFACION) de igual manera, tiene derecho a que su informaci\u00f3n se elimine de nuestros registros base de datos cuando considere que la misma no est\u00e1 siendo utilizada adecuadamente (CANCELACI\u00d3N). As\u00ed como tambi\u00e9noponerse al uso de sus datos personales para fines espec\u00edficos (OPOSICION). Estos derechos se conocen como derechos ARCO.<br \/>\nCabe mencionar, que en cualquier momento usted puede revocar su consentimiento para el uso de sus datos personales. Del mismo modo, usted puede revocar el consentimiento que, en su caso nos haya otorgado para el tratamiento de sus datos personales.<br \/>\nLos mecanismos implementados para el ejercicio de sus Derechos ARCO, as\u00ed como los plazos, informaci\u00f3n y documentaci\u00f3n que debe contener su solicitud se especifican en el apartado de Derechos del Titular localizado en este mismo documento.<\/p>\n<p>Nos comprometemos a mantenerlo informado sobre los cambios que pueda sufrir el presente AVISO de PRIVACIDAD, sin embargo, usted puede solicitar informaci\u00f3n sobre si el mismo ha sufrido alg\u00fan cambio a trav\u00e9s de las siguientes direcciones electr\u00f3nicas:<br \/>\n<a href=\"mailto:enrique_cruz@eximics.com\">enrique_cruz@eximics.com<\/a><br \/>\n<a href=\"mailto:mariana_fontes@eximics.com\">mariana_fontes@eximics.com<\/a><\/p>\n<p>Para las finalidades se\u00f1aladas anteriormente podemos recabar sus datos personales de distintas formas:<\/p>\n<p>&#8211; Cuando visita nuestro sitio de Internet o utiliza nuestros servicios en l\u00ednea.<br \/>\n-\u200b Cuando visita nuestras instalaciones usted ser\u00e1 videograbado por las c\u00e1maras de seguridad instaladas en el interior del inmueble Avenida Mariano Escobedo n\u00famero 550 \u2013 Piso 7 \u2013 Anzures, Alcald\u00edaMiguel Hidalgo, C.P. 11590 Ciudad de M\u00e9xico, cuyas im\u00e1genes y sonidos captados por las c\u00e1maras de video vigilancia ser\u00e1n utilizados para su seguridad y de las personas que nos visitan, que trabajan en la empresa o de la propia empresa.<br \/>\n&#8211; Cuando obtenemos informaci\u00f3n a trav\u00e9s de otras fuentes de acceso p\u00fablico que est\u00e1n permitidas por la ley (Directorios telef\u00f3nicos o laborales, sitios web, etc).<br \/>\n&#8211; Datos personales que recabamos. Informaci\u00f3n de contacto (Nombre, Email, Direcci\u00f3n, Tel\u00e9fono, Celular, Fax)<br \/>\n&#8211; Documentaci\u00f3n de identidad (Credencial de Elector, Pasaporte, Licencia de Manejo, Cartilla o C\u00e9dula Profesional)<br \/>\n&#8211; Informaci\u00f3n financiera y medios de pago (Tarjeta de cr\u00e9dito, d\u00e9bito, cheques)<br \/>\n&#8211; Informaci\u00f3n Fiscal (RFC, Direcci\u00f3n de Facturaci\u00f3n)<br \/>\n&#8211; Situaci\u00f3n patrimonial (Ingresos, Bienes inmuebles, inversiones u otro tipo de cuentas de banco)<br \/>\n&#8211; Referencias personales (Informaci\u00f3n de personas no familiares)<br \/>\n&#8211; Informaci\u00f3n laboral (Empresa, Puesto, actividad desarrollada, CV)<\/p>\n\t\t\t\t\t\t\t\t<\/div>\n\t\t\t\t<\/div>\n\t\t\t\t<div class=\"elementor-element elementor-element-26ad63c elementor-widget elementor-widget-heading\" data-id=\"26ad63c\" data-element_type=\"widget\" data-e-type=\"widget\" data-widget_type=\"heading.default\">\n\t\t\t\t<div class=\"elementor-widget-container\">\n\t\t\t\t\t<h3 class=\"elementor-heading-title elementor-size-default\">Drets del Titular<\/h3>\t\t\t\t<\/div>\n\t\t\t\t<\/div>\n\t\t\t\t<div class=\"elementor-element elementor-element-5ba84a7 elementor-widget elementor-widget-text-editor\" data-id=\"5ba84a7\" data-element_type=\"widget\" data-e-type=\"widget\" data-widget_type=\"text-editor.default\">\n\t\t\t\t<div class=\"elementor-widget-container\">\n\t\t\t\t\t\t\t\t\t<p><strong>EXIMICS M\u00c9XICO S.A. DE CV<\/strong> ha implementado el siguiente Formato Universal de Ejercicio de derechos del Titular respecto de sus Datos Personales. Con sujeci\u00f3n a determinadas excepciones y, en algunos casos, con dependencia de la actividad de procesamiento que estemos realizando, tiene ciertos derechos respecto de su informaci\u00f3n personal:<\/p>\n<p><span style=\"text-decoration: underline;\"><strong>Derecho a acceder, corregir y borrar su informaci\u00f3n personal:<\/strong><\/span> Aseg\u00farese de informarnos sobre todo cambio en la informaci\u00f3n personal. Tiene derecho a solicitar acceso a la informaci\u00f3n personal que guardamos sobre usted y a la siguiente informaci\u00f3n: la fuente de su informaci\u00f3n personal; los prop\u00f3sitos, el fundamento legal y los m\u00e9todos de procesamiento; la identidad del responsable del tratamiento de la informaci\u00f3n; y las entidades o categor\u00edas de entidades a las que se puede transferir su informaci\u00f3n. Tambi\u00e9n tiene derecho a solicitar que borremos su informaci\u00f3n. No tenemos la obligaci\u00f3n de cumplir con su solicitud de borrar la informaci\u00f3n personal si el procesamiento de la mismaes necesario para el cumplimiento de obligaciones legales o para el establecimiento, el ejercicio o la deferencia de reclamos legales.<\/p>\n<p><span style=\"text-decoration: underline;\"><strong>Derecho a restringir el procesamiento de su informaci\u00f3n personal:<\/strong><\/span> Tiene derecho a restringir el uso de su informaci\u00f3n personal cuando: 1) disputa la exactitud de los datos; 2) tuviera conocimiento de que su uso es ilegal; 3) se ha opuesto a nuestro uso de la informaci\u00f3n personal fundamentado en virtud de la verificaci\u00f3n de nuestros intereses leg\u00edtimos con respecto a si tenemos un inter\u00e9s imperativo para continuar usando sus datos.<\/p>\n<p><span style=\"text-decoration: underline;\"><strong>Derecho a la portabilidad de los datos:<\/strong><\/span> En la medida en que procesamos su informaci\u00f3n en virtud de su consentimiento o bajo un contrato y mediante medios automatizados, tiene derecho a recibir tal informaci\u00f3n personal en un formato estructurado, de uso com\u00fan y legible electr\u00f3nicamente, o puede pedir que se la transfieran directamente a otro responsable del tratamiento.<\/p>\n<p>1. Env\u00ede la solicitud al correo electr\u00f3nico: <a href=\"mailto:enrique_cruz@eximics.com\">enrique_cruz@eximics.com<\/a><br \/>2. Confirme la recepci\u00f3n de su solicitud al tel\u00e9fono: +52 (55) 38865732<\/p>\n<p>Le informamos que EXIMICS M\u00c9XICO S.A. DE C.V no realiza transferencias de datos personales.<\/p>\n<p>Nos reservamos el derecho de efectuar en cualquier momento modificaciones al presente Aviso de Privacidad, para la atenci\u00f3n de novedades legislativas, pol\u00edticas internas o nuevos requerimientos para cumplir con las finalidades previstas. Estas modificaciones estar\u00e1n disponibles a los Titulares en la direcci\u00f3n web: www.eximics.com<\/p>\n<p>Si despu\u00e9s de haber ejercido sus Derechos de Protecci\u00f3n de Datos ante EXIMICSM\u00c9XICO S.A. DE C.V por medio de los mecanismos establecidos en este Aviso de Privacidad, considera que su derecho de protecci\u00f3n de datos personales ha sido lesionado por alguna conducta u omisi\u00f3n de nuestra parte; o cuenta con evidencia de que en el tratamiento de sus datos personales existe alguna violaci\u00f3n a las disposiciones previstas en la LFPDPPP, le invitamos a ponerse en contacto nuevamente con nosotros para agotar todos los procedimientos internos a efecto de satisfacer plenamente su solicitud. De no ser el caso, usted podr\u00e1 interponer la queja correspondiente ante el INAI. Para mayor informaci\u00f3n visite:<br \/><a href=\"http:\/\/www.inai.org.mx\" target=\"_blank\" rel=\"noopener\">www.inai.org.mx<\/a><\/p>\n\t\t\t\t\t\t\t\t<\/div>\n\t\t\t\t<\/div>\n\t\t\t\t<div class=\"elementor-element elementor-element-d1085ec elementor-widget elementor-widget-heading\" data-id=\"d1085ec\" data-element_type=\"widget\" data-e-type=\"widget\" data-widget_type=\"heading.default\">\n\t\t\t\t<div class=\"elementor-widget-container\">\n\t\t\t\t\t<h3 class=\"elementor-heading-title elementor-size-default\">\u00das de cookies, web beacons i JavaScript<\/h3>\t\t\t\t<\/div>\n\t\t\t\t<\/div>\n\t\t\t\t<div class=\"elementor-element elementor-element-ace6cd6 elementor-widget elementor-widget-text-editor\" data-id=\"ace6cd6\" data-element_type=\"widget\" data-e-type=\"widget\" data-widget_type=\"text-editor.default\">\n\t\t\t\t<div class=\"elementor-widget-container\">\n\t\t\t\t\t\t\t\t\t<p>Una galeta \u00e9s informaci\u00f3 que un lloc web emmagatzema a lordinador mitjan\u00e7ant l\u00fas dun navegador o explorador dinternet. Una galeta permet que els llocs web registrin les seves activitats de navegaci\u00f3 a internet \u2013 com per exemple, quines s\u00f3n les p\u00e0gines i continguts que va estar mirant, quan els va visitar, qu\u00e8 va buscar, i si feu clic sobre algun recurs. Les dades recollides per les galetes es poden combinar per crear un perfil de les seves activitats a internet.<\/p>\n<p>Les web beacons en conjunt amb els JavaScripts de m\u00e8triques web permeten emmagatzemar informaci\u00f3 sobre els patrons d\u00fas del nostre lloc web. Us informem que utilitzem aquestes eines per obtenir informaci\u00f3 estad\u00edstica com la seg\u00fcent:<\/p>\n<p>Tipus de navegador i sistema operatiu, les p\u00e0gines d&#8217;Internet consultades, l&#8217;origen de la visita, l&#8217;adre\u00e7a IP d&#8217;acc\u00e9s, el temps de perman\u00e8ncia al nostre lloc, entre altres dades estad\u00edstiques.<\/p>\n<p>Les galetes, el JavaScript i altres tecnologies de seguiment i rastreig poden ser deshabilitades, per\u00f2, desactivar-les pot generar que el lloc web o algunes de les seves funcionalitats no s&#8217;exerceixin adequadament. Per revisar les configuracions i, si escau, deshabilitar-les, utilitzeu la pestanya &#8216;Ajuda&#8217; (Help), o busqueu a &#8216;Eines&#8217; (Tools) la configuraci\u00f3 de &#8216;Opcions&#8217; (Options) o &#8216;Privadesa&#8217; (Privacy) del vostre navegador. Des d&#8217;all\u00e0, podeu eliminar les cookies, o controlar en quin cas us permet instal\u00b7lar-les. Hi ha alguns navegadors que permeten instal\u00b7lar eines programari complement\u00e0ries (add-onsoftware tools) per bloquejar, eliminar o controlar les cookies. I generalment, els programes de seguretat inclouen opcions per facilitar el control de les galetes.<\/p>\n\t\t\t\t\t\t\t\t<\/div>\n\t\t\t\t<\/div>\n\t\t\t\t\t<\/div>\n\t\t<\/div>\n\t\t\t\t\t<\/div>\n\t\t<\/section>\n\t\t\t\t<\/div>\n\t\t","protected":false},"excerpt":{"rendered":"<p>AV\u00cdS DE PRIVACITAT De conformidad con lo establecido en la Ley Federal de Protecci\u00f3n de Datos personales en Posesi\u00f3n de los particulares, EXIMICS M\u00c9XICO pone a su disposici\u00f3n el siguiente aviso de privacidad.EXIMICS M\u00c9XICO, es responsable del uso y protecci\u00f3n de sus datos personales, en este sentido y atendiendo las obligaciones legales establecidas en la [&hellip;]<\/p>\n","protected":false},"author":3,"featured_media":0,"parent":0,"menu_order":0,"comment_status":"closed","ping_status":"closed","template":"elementor_header_footer","meta":{"site-sidebar-layout":"no-sidebar","site-content-layout":"page-builder","ast-site-content-layout":"","site-content-style":"default","site-sidebar-style":"default","ast-global-header-display":"","ast-banner-title-visibility":"","ast-main-header-display":"","ast-hfb-above-header-display":"","ast-hfb-below-header-display":"","ast-hfb-mobile-header-display":"","site-post-title":"disabled","ast-breadcrumbs-content":"","ast-featured-img":"disabled","footer-sml-layout":"","theme-transparent-header-meta":"","adv-header-id-meta":"","stick-header-meta":"","header-above-stick-meta":"","header-main-stick-meta":"","header-below-stick-meta":"","astra-migrate-meta-layouts":"default","ast-page-background-enabled":"default","ast-page-background-meta":{"desktop":{"background-color":"var(--ast-global-color-4)","background-image":"","background-repeat":"repeat","background-position":"center center","background-size":"auto","background-attachment":"scroll","background-type":"","background-media":"","overlay-type":"","overlay-color":"","overlay-opacity":"","overlay-gradient":""},"tablet":{"background-color":"","background-image":"","background-repeat":"repeat","background-position":"center center","background-size":"auto","background-attachment":"scroll","background-type":"","background-media":"","overlay-type":"","overlay-color":"","overlay-opacity":"","overlay-gradient":""},"mobile":{"background-color":"","background-image":"","background-repeat":"repeat","background-position":"center center","background-size":"auto","background-attachment":"scroll","background-type":"","background-media":"","overlay-type":"","overlay-color":"","overlay-opacity":"","overlay-gradient":""}},"ast-content-background-meta":{"desktop":{"background-color":"var(--ast-global-color-5)","background-image":"","background-repeat":"repeat","background-position":"center center","background-size":"auto","background-attachment":"scroll","background-type":"","background-media":"","overlay-type":"","overlay-color":"","overlay-opacity":"","overlay-gradient":""},"tablet":{"background-color":"var(--ast-global-color-5)","background-image":"","background-repeat":"repeat","background-position":"center center","background-size":"auto","background-attachment":"scroll","background-type":"","background-media":"","overlay-type":"","overlay-color":"","overlay-opacity":"","overlay-gradient":""},"mobile":{"background-color":"var(--ast-global-color-5)","background-image":"","background-repeat":"repeat","background-position":"center center","background-size":"auto","background-attachment":"scroll","background-type":"","background-media":"","overlay-type":"","overlay-color":"","overlay-opacity":"","overlay-gradient":""}},"footnotes":""},"class_list":["post-1145","page","type-page","status-publish","hentry"],"_links":{"self":[{"href":"https:\/\/eximics.com\/ca\/wp-json\/wp\/v2\/pages\/1145","targetHints":{"allow":["GET"]}}],"collection":[{"href":"https:\/\/eximics.com\/ca\/wp-json\/wp\/v2\/pages"}],"about":[{"href":"https:\/\/eximics.com\/ca\/wp-json\/wp\/v2\/types\/page"}],"author":[{"embeddable":true,"href":"https:\/\/eximics.com\/ca\/wp-json\/wp\/v2\/users\/3"}],"replies":[{"embeddable":true,"href":"https:\/\/eximics.com\/ca\/wp-json\/wp\/v2\/comments?post=1145"}],"version-history":[{"count":3,"href":"https:\/\/eximics.com\/ca\/wp-json\/wp\/v2\/pages\/1145\/revisions"}],"predecessor-version":[{"id":1186,"href":"https:\/\/eximics.com\/ca\/wp-json\/wp\/v2\/pages\/1145\/revisions\/1186"}],"wp:attachment":[{"href":"https:\/\/eximics.com\/ca\/wp-json\/wp\/v2\/media?parent=1145"}],"curies":[{"name":"wp","href":"https:\/\/api.w.org\/{rel}","templated":true}]}}